{"id":4134,"date":"2023-10-16T20:48:44","date_gmt":"2023-10-16T17:48:44","guid":{"rendered":"https:\/\/shop.smart-infra.ro\/?post_type=product&#038;p=4134"},"modified":"2025-08-05T18:57:41","modified_gmt":"2025-08-05T15:57:41","slug":"smart-switch-with-touchscreen-shelly-wall-display","status":"publish","type":"product","link":"https:\/\/shop.smart-infra.ro\/en\/product-2\/smart-switch-with-touchscreen-shelly-wall-display\/","title":{"rendered":"Smart Switch with touchscreen Shelly Wall Display"},"content":{"rendered":"<p dir=\"ltr\" data-placeholder=\"Traducere\">A smart control panel with integrated 5A switch and color display<\/p>\n<p>The Shelly Wall Display, Wi-FI, Bluethooth touchscreen Smart Switch is an intuitive 4-inch wall display that gives you easy, centralized control and monitoring of all your Shelly devices. With a minimalist look and customizable home screen, the Shelly Wall Display will fit seamlessly into your interior and adapt to your needs. Replace the usual light switch in 10 minutes and control all your Shelly devices with just one touch.<\/p>\n<p dir=\"ltr\" data-placeholder=\"Traducere\">- Integrated 5A relay for appliance control; neutral required<br \/>\n- Built-in sensors for temperature, humidity and light<br \/>\n- Monitor energy consumption for all devices in the chosen room<br \/>\n- Can work as a room thermostat (coming soon)<br \/>\n- Easy navigation and customizable home screen and brightness<br \/>\n- Create scenes and programs<\/p>","protected":false},"excerpt":{"rendered":"<p>Un panou de control inteligent cu comutator integrat de 5 A \u0219i afi\u0219aj color Intrerupator Smart cu touchscreen Shelly Wall Display, Wi-FI, Bluethooth este un ecran de perete intuitiv de 4 inchi care v\u0103 ofer\u0103 control \u0219i monitorizare u\u0219or \u0219i centralizat a tuturor dispozitivelor dumneavoastr\u0103 Shelly. Cu un aspect minimalist \u0219i un ecran de pornire personalizabil, Shelly Wall Display se va potrivi perfect \u00een interiorul t\u0103u \u0219i se va adapta nevoilor tale. \u00cenlocui\u021bi \u00eentrerup\u0103torul obi\u0219nuit de lumin\u0103 \u00een 10 minute \u0219i controla\u021bi toate dispozitivele Shelly doar cu o ap\u0103sare. &#8211; Releu integrat de 5 A pentru controlul aparatului; neutru necesar &#8211; Senzori \u00eencorpora\u021bi pentru temperatur\u0103, umiditate \u0219i lux &#8211; Monitorizarea consumului de energie pentru toate dispozitivele din camera aleas\u0103 &#8211; Poate func\u021biona ca termostat de camer\u0103 (\u00een cur\u00e2nd) &#8211; Navigare u\u0219oar\u0103 \u0219i ecran de pornire personalizabil \u0219i luminozitate &#8211; Crea\u021bi scene \u0219i programe<\/p>","protected":false},"featured_media":6049,"comment_status":"open","ping_status":"closed","template":"","meta":[],"product_brand":[52],"product_cat":[123,139,124],"product_tag":[],"class_list":{"0":"post-4134","1":"product","2":"type-product","3":"status-publish","4":"has-post-thumbnail","6":"product_brand-shelly","7":"product_cat-intrerupator-inteligent","8":"product_cat-relee-inteligente","9":"product_cat-termostate-inteligente","11":"first","12":"instock","13":"shipping-taxable","14":"purchasable","15":"product-type-variable","16":"has-default-attributes"},"_links":{"self":[{"href":"https:\/\/shop.smart-infra.ro\/en\/wp-json\/wp\/v2\/product\/4134","targetHints":{"allow":["GET"]}}],"collection":[{"href":"https:\/\/shop.smart-infra.ro\/en\/wp-json\/wp\/v2\/product"}],"about":[{"href":"https:\/\/shop.smart-infra.ro\/en\/wp-json\/wp\/v2\/types\/product"}],"replies":[{"embeddable":true,"href":"https:\/\/shop.smart-infra.ro\/en\/wp-json\/wp\/v2\/comments?post=4134"}],"version-history":[{"count":0,"href":"https:\/\/shop.smart-infra.ro\/en\/wp-json\/wp\/v2\/product\/4134\/revisions"}],"wp:featuredmedia":[{"embeddable":true,"href":"https:\/\/shop.smart-infra.ro\/en\/wp-json\/wp\/v2\/media\/6049"}],"wp:attachment":[{"href":"https:\/\/shop.smart-infra.ro\/en\/wp-json\/wp\/v2\/media?parent=4134"}],"wp:term":[{"taxonomy":"product_brand","embeddable":true,"href":"https:\/\/shop.smart-infra.ro\/en\/wp-json\/wp\/v2\/product_brand?post=4134"},{"taxonomy":"product_cat","embeddable":true,"href":"https:\/\/shop.smart-infra.ro\/en\/wp-json\/wp\/v2\/product_cat?post=4134"},{"taxonomy":"product_tag","embeddable":true,"href":"https:\/\/shop.smart-infra.ro\/en\/wp-json\/wp\/v2\/product_tag?post=4134"}],"curies":[{"name":"wp","href":"https:\/\/api.w.org\/{rel}","templated":true}]}}