{"id":4350,"date":"2023-10-16T20:52:03","date_gmt":"2023-10-16T17:52:03","guid":{"rendered":"https:\/\/shop.smart-infra.ro\/?post_type=product&#038;p=4350"},"modified":"2025-06-23T15:55:48","modified_gmt":"2025-06-23T12:55:48","slug":"smart-plug-shelly-plug","status":"publish","type":"product","link":"https:\/\/shop.smart-infra.ro\/en\/product-2\/smart-plug-shelly-plug\/","title":{"rendered":"Shelly Plug Smart Plug"},"content":{"rendered":"<div data-elementor-type=\"product-post\" data-elementor-id=\"4350\" class=\"elementor elementor-4350\" data-elementor-post-type=\"product\">\n\t\t\t\t<div class=\"elementor-element elementor-element-72cd4939 e-con-full e-flex e-con e-parent\" data-id=\"72cd4939\" data-element_type=\"container\">\n\t\t\t\t<div class=\"elementor-element elementor-element-18096db0 elementor-widget elementor-widget-text-editor\" data-id=\"18096db0\" data-element_type=\"widget\" data-widget_type=\"text-editor.default\">\n\t\t\t\t<div class=\"elementor-widget-container\">\n\t\t\t<style>\/*! elementor - v3.23.0 - 15-07-2024 *\/\n.elementor-widget-text-editor.elementor-drop-cap-view-stacked .elementor-drop-cap{background-color:#69727d;color:#fff}.elementor-widget-text-editor.elementor-drop-cap-view-framed .elementor-drop-cap{color:#69727d;border:3px solid;background-color:transparent}.elementor-widget-text-editor:not(.elementor-drop-cap-view-default) .elementor-drop-cap{margin-top:8px}.elementor-widget-text-editor:not(.elementor-drop-cap-view-default) .elementor-drop-cap-letter{width:1em;height:1em}.elementor-widget-text-editor .elementor-drop-cap{float:left;text-align:center;line-height:1;font-size:50px}.elementor-widget-text-editor .elementor-drop-cap-letter{display:inline-block}<\/style>\t\t\t\t<p>Priza inteligenta Shelly Plug cu monitorizare consum, 16A, WiFi, control aplicatie, compatibil Amazon Alexa, Google Assistant si Home Assistant<\/p><p>Shelly Plug este priza inteligent\u0103 Wi-Fi-PLug&amp;Play, cu 16A max. ie\u0219ire. Instalarea este foarte simpl\u0103, dureaz\u0103 doar c\u00e2teva minute: conecta\u021bi-l la orice priz\u0103, asocia\u021bi-l cu aplica\u021bia gratuit\u0103 pentru smartphone Shelly Cloud \u0219i este gata de utilizare.<\/p><p>Datorit\u0103 16A max. ie\u0219ire, pute\u021bi conecta \u0219i controla orice aparat electrocasnic, inclusiv ma\u0219ina de sp\u0103lat sau fierul de c\u0103lcat, iar datorit\u0103 contoriz\u0103rii \u00eencorporate pute\u021bi monitoriza oric\u00e2nd consumul dispozitivelor conectate!<\/p><p>\u00a0<\/p><p>Product features:<\/p><p>Controlabil de la distan\u021b\u0103 cu aplica\u021bia gratuit\u0103 pentru smartphone Shelly Cloud (iOS sau Android) de pe smartphone sau tablet\u0103,<br \/>WiFi conectat la re\u021beaua de acas\u0103 sau la birou, controlabil de la distan\u021b\u0103 prin Internet.<br \/>Compatibil cu Android, iOS, Amazon Alexa \u0219i Google Assistant.<br \/>Cu Shelly Plug pute\u021bi controla o gam\u0103 larg\u0103 de dispozitive \u0219i aparate, chiar \u0219i cele mai performante,<br \/>Controlul consumului de energie cu contorizare \u00eencorporat\u0103, economisi\u021bi bani cu cronometru\/func\u021bionare programat\u0103.<br \/>Shelly Plug nu numai c\u0103 controleaz\u0103 consumul de energie, dar trimite o alert\u0103 atunci c\u00e2nd consumul scade sub sau peste un nivel prestabilit, astfel \u00eenc\u00e2t este posibil s\u0103 primi\u021bi un avertisment c\u0103 fierul de c\u0103lcat este l\u0103sat pornit.<br \/>Func\u021bia de cronometru:<br \/>pornire\/dezactivare programat\u0103 pentru orice zi a s\u0103pt\u0103m\u00e2nii,<br \/>accept\u0103 pornirea\/oprirea \u00een zori\/amurg<br \/>Putere de v\u00e2rf a aparatelor conectate la priza inteligent\u0103: 16A<br \/>Func\u021bii de protec\u021bie::<br \/>Built-in thermometer against overheating, automatic shut-off in case of overheating.<br \/>Contorul de consum detecteaz\u0103 consumul excesiv, oprindu-se automat atunci c\u00e2nd se \u00eent\u00e2mpl\u0103 acest lucru<br \/>Shelly Plug poate fi setat s\u0103 porneasc\u0103\/opreasc\u0103 automat \u00een func\u021bie de orele de r\u0103s\u0103rit \u0219i apus.<br \/>Are un server web \u00eencorporat, astfel \u00eenc\u00e2t configurarea este posibil\u0103 \u0219i din interfa\u021ba web, nu numai din aplica\u021bie. Controlul compatibil LAN este disponibil pe re\u021beaua local\u0103 f\u0103r\u0103 Shelly Cloud \u0219i acces la internet. Suporta MQTT.<\/p><p>Shelly Plug monitorizeaz\u0103 \u0219i controleaz\u0103 automat iluminatul, \u00eenc\u0103lzirea sau orice alt aparat electric conectat la domiciliu, indiferent unde v\u0103 afla\u021bi. C\u00e2nd un aparat electric, cum ar fi o lamp\u0103, este conectat la Shelly Plug, \u00eel pute\u021bi porni \u0219i opri prin aplica\u021bia mobil\u0103 Shelly Cloud \u00een orice moment, de oriunde!<\/p><p>Urm\u0103ri\u021bi automat soarele \u0219i controla\u021bi-v\u0103 aparatele \u00een consecin\u021b\u0103. Seta\u021bi Shelly Plug pentru a porni\/dezactiva dispozitivele \u00een func\u021bie de orele de r\u0103s\u0103rit \u0219i apus.<\/p><p>\u00a0<\/p><p>Shelly Plug v\u0103 ofer\u0103 informa\u021bii precise despre consum pentru fiecare aparat electric conectat. Alege\u021bi cel mai bun mod de alimentare pentru casa dvs. \u0219i economisi\u021bi excesul de energie f\u0103r\u0103 a v\u0103 sacrifica confortul. Pl\u0103ti\u021bi mai pu\u021bin pentru energie \u0219i tr\u0103i\u021bi mai confortabil cu priza Shelly.<\/p><p>Po\u021bi uita de momentele lungi de frison din timpul iernii \u00een timp ce casa ta se \u00eenc\u0103lze\u0219te. Shelly Plug poate porni \u00eenc\u0103lzirea chiar \u00eenainte de a v\u0103 \u00eentoarce acas\u0103. De asemenea, atunci c\u00e2nd este combinat cu Shelly H&amp;T, pute\u021bi seta temperatura dorit\u0103 \u00een camer\u0103 \u0219i v\u0103 va gestiona Shelly Plug.<\/p><p>Shelly Plug se poate porni \u0219i opri automat urm\u00e2nd o rutin\u0103 zilnic\u0103 \u00een func\u021bie de cerin\u021bele dumneavoastr\u0103. Controleaz\u0103-\u021bi aparatele electrocasnice oric\u00e2nd de oriunde! De asemenea, pute\u021bi seta un temporizator de pornire \u0219i oprire pentru fiecare zi a s\u0103pt\u0103m\u00e2nii. Te \u00eentorci de la serviciu la ora 18:00? Nicio problem\u0103, Shelly Plug \u00ee\u021bi va preg\u0103ti casa pentru tine!<\/p><p>V-a\u021bi \u00eentrebat vreodat\u0103 dac\u0103 a\u021bi oprit fierul de c\u0103lcat \u00een timp ce conduce\u021bi la serviciu? Shelly Plug poate opri automat orice aparat la un moment specificat sau dac\u0103 este dep\u0103\u0219it nivelul predefinit de consum de energie. De asemenea, \u00eel pute\u021bi opri de pe telefon cu o singur\u0103 atingere!<\/p><p>O singur\u0103 aplica\u021bie, nenum\u0103rate posibilit\u0103\u021bi: Cu cel mai bun serviciu cloud din lume, interfa\u021b\u0103 u\u0219or de utilizat, scene, control \u00een bloc \u0219i multe altele, aplica\u021bia Shelly Cloud v\u0103 permite s\u0103 v\u0103 controla\u021bi casa de oriunde. Fiecare Shelly poate fi integrat \u0219i func\u021bioneaz\u0103 cu toate celelalte dispozitive Shelly din aplica\u021bia Shelly.<\/p>\t\t\t\t\t\t<\/div>\n\t\t\t\t<\/div>\n\t\t\t\t<\/div>\n\t\t\t\t<\/div>","protected":false},"excerpt":{"rendered":"<p>Shelly Plug Smart Plug<\/p>","protected":false},"featured_media":4507,"comment_status":"open","ping_status":"closed","template":"","meta":[],"product_brand":[52],"product_cat":[122,63],"product_tag":[309,278,310,311,312,313],"class_list":{"0":"post-4350","1":"product","2":"type-product","3":"status-publish","4":"has-post-thumbnail","6":"product_brand-shelly","7":"product_cat-prize-inteligente","8":"product_cat-produse-populare","9":"product_tag-priza-inteligenta-shelly-plug","10":"product_tag-priza-shelly","11":"product_tag-priza-smart","12":"product_tag-priza-wifi","13":"product_tag-priza-wireless","14":"product_tag-shelly-plug","16":"first","17":"instock","18":"shipping-taxable","19":"purchasable","20":"product-type-simple"},"_links":{"self":[{"href":"https:\/\/shop.smart-infra.ro\/en\/wp-json\/wp\/v2\/product\/4350","targetHints":{"allow":["GET"]}}],"collection":[{"href":"https:\/\/shop.smart-infra.ro\/en\/wp-json\/wp\/v2\/product"}],"about":[{"href":"https:\/\/shop.smart-infra.ro\/en\/wp-json\/wp\/v2\/types\/product"}],"replies":[{"embeddable":true,"href":"https:\/\/shop.smart-infra.ro\/en\/wp-json\/wp\/v2\/comments?post=4350"}],"version-history":[{"count":0,"href":"https:\/\/shop.smart-infra.ro\/en\/wp-json\/wp\/v2\/product\/4350\/revisions"}],"wp:featuredmedia":[{"embeddable":true,"href":"https:\/\/shop.smart-infra.ro\/en\/wp-json\/wp\/v2\/media\/4507"}],"wp:attachment":[{"href":"https:\/\/shop.smart-infra.ro\/en\/wp-json\/wp\/v2\/media?parent=4350"}],"wp:term":[{"taxonomy":"product_brand","embeddable":true,"href":"https:\/\/shop.smart-infra.ro\/en\/wp-json\/wp\/v2\/product_brand?post=4350"},{"taxonomy":"product_cat","embeddable":true,"href":"https:\/\/shop.smart-infra.ro\/en\/wp-json\/wp\/v2\/product_cat?post=4350"},{"taxonomy":"product_tag","embeddable":true,"href":"https:\/\/shop.smart-infra.ro\/en\/wp-json\/wp\/v2\/product_tag?post=4350"}],"curies":[{"name":"wp","href":"https:\/\/api.w.org\/{rel}","templated":true}]}}