{"id":4378,"date":"2023-10-16T20:52:31","date_gmt":"2023-10-16T17:52:31","guid":{"rendered":"https:\/\/shop.smart-infra.ro\/?post_type=product&#038;p=4378"},"modified":"2025-01-10T17:39:41","modified_gmt":"2025-01-10T14:39:41","slug":"smart-light-bulb-shelly-vintage-g125","status":"publish","type":"product","link":"https:\/\/shop.smart-infra.ro\/en\/product-2\/smart-light-bulb-shelly-vintage-g125\/","title":{"rendered":"Shelly Vintage G125 Smart Bulb"},"content":{"rendered":"<div data-elementor-type=\"product-post\" data-elementor-id=\"4378\" class=\"elementor elementor-4378\" data-elementor-post-type=\"product\">\n\t\t\t\t<div class=\"elementor-element elementor-element-6973436b e-con-full e-flex e-con e-parent\" data-id=\"6973436b\" data-element_type=\"container\">\n\t\t\t\t<div class=\"elementor-element elementor-element-7422e042 elementor-widget elementor-widget-text-editor\" data-id=\"7422e042\" data-element_type=\"widget\" data-widget_type=\"text-editor.default\">\n\t\t\t\t<div class=\"elementor-widget-container\">\n\t\t\t<style>\/*! elementor - v3.23.0 - 15-07-2024 *\/\n.elementor-widget-text-editor.elementor-drop-cap-view-stacked .elementor-drop-cap{background-color:#69727d;color:#fff}.elementor-widget-text-editor.elementor-drop-cap-view-framed .elementor-drop-cap{color:#69727d;border:3px solid;background-color:transparent}.elementor-widget-text-editor:not(.elementor-drop-cap-view-default) .elementor-drop-cap{margin-top:8px}.elementor-widget-text-editor:not(.elementor-drop-cap-view-default) .elementor-drop-cap-letter{width:1em;height:1em}.elementor-widget-text-editor .elementor-drop-cap{float:left;text-align:center;line-height:1;font-size:50px}.elementor-widget-text-editor .elementor-drop-cap-letter{display:inline-block}<\/style>\t\t\t\t<p>Bec inteligent Shelly Vintage G125, Dimmer, Wi-Fi, E27, 4W, 260 LM, control aplicatie, compatibil Amazon Alexa si Google Assistant.<\/p><p>Shelly Vintage is a bulb that can be operated via Wi-Fi<br \/>Seteaz\u0103 lumina \u00een func\u021bie de starea ta de spirit. Cu ajutorul cursorului de dimmer, pute\u021bi regla luminozitatea becului Shelly Vintage. Shelly Vintage v\u0103 \u00eent\u00e2mpin\u0103 acas\u0103 \u0219i v\u0103 permite s\u0103 v\u0103 controla\u021bi luminile din dormitor p\u00e2n\u0103 \u00een curtea dvs. <br \/><br \/>Chiar face s\u0103 par\u0103 c\u0103 e\u0219ti acas\u0103 c\u00e2nd nu e\u0219ti. Totul este s\u0103 v\u0103 simplifica\u021bi via\u021ba cu cel mai inteligent bec WiFi din lume.<\/p><p>Shelly Vintage<br \/>has a built-in web server<br \/>-can function as a stand-alone device, as an accessory to a home automation controller or can be used as part of another automation system.<br \/>-was designed for installation in a standard E27 socket<\/p>\t\t\t\t\t\t<\/div>\n\t\t\t\t<\/div>\n\t\t\t\t<\/div>\n\t\t\t\t<\/div>","protected":false},"excerpt":{"rendered":"<p>Shelly Vintage G125 Smart Bulb<\/p>","protected":false},"featured_media":4518,"comment_status":"open","ping_status":"closed","template":"","meta":[],"product_brand":[52],"product_cat":[125],"product_tag":[246,66,294,295,293,296,297,298],"class_list":{"0":"post-4378","1":"product","2":"type-product","3":"status-publish","4":"has-post-thumbnail","6":"product_brand-shelly","7":"product_cat-becuri-inteligente","8":"product_tag-bec","9":"product_tag-bec-inteligent","10":"product_tag-bec-inteligent-shelly","11":"product_tag-bec-inteligent-shelly-vintage","12":"product_tag-bec-shelly","13":"product_tag-g125","14":"product_tag-shelly-g125","15":"product_tag-shelly-vintage","17":"first","18":"instock","19":"shipping-taxable","20":"purchasable","21":"product-type-simple"},"_links":{"self":[{"href":"https:\/\/shop.smart-infra.ro\/en\/wp-json\/wp\/v2\/product\/4378","targetHints":{"allow":["GET"]}}],"collection":[{"href":"https:\/\/shop.smart-infra.ro\/en\/wp-json\/wp\/v2\/product"}],"about":[{"href":"https:\/\/shop.smart-infra.ro\/en\/wp-json\/wp\/v2\/types\/product"}],"replies":[{"embeddable":true,"href":"https:\/\/shop.smart-infra.ro\/en\/wp-json\/wp\/v2\/comments?post=4378"}],"version-history":[{"count":0,"href":"https:\/\/shop.smart-infra.ro\/en\/wp-json\/wp\/v2\/product\/4378\/revisions"}],"wp:featuredmedia":[{"embeddable":true,"href":"https:\/\/shop.smart-infra.ro\/en\/wp-json\/wp\/v2\/media\/4518"}],"wp:attachment":[{"href":"https:\/\/shop.smart-infra.ro\/en\/wp-json\/wp\/v2\/media?parent=4378"}],"wp:term":[{"taxonomy":"product_brand","embeddable":true,"href":"https:\/\/shop.smart-infra.ro\/en\/wp-json\/wp\/v2\/product_brand?post=4378"},{"taxonomy":"product_cat","embeddable":true,"href":"https:\/\/shop.smart-infra.ro\/en\/wp-json\/wp\/v2\/product_cat?post=4378"},{"taxonomy":"product_tag","embeddable":true,"href":"https:\/\/shop.smart-infra.ro\/en\/wp-json\/wp\/v2\/product_tag?post=4378"}],"curies":[{"name":"wp","href":"https:\/\/api.w.org\/{rel}","templated":true}]}}