{"id":4448,"date":"2023-10-16T20:53:52","date_gmt":"2023-10-16T17:53:52","guid":{"rendered":"https:\/\/shop.smart-infra.ro\/?post_type=product&#038;p=4448"},"modified":"2025-01-09T16:16:11","modified_gmt":"2025-01-09T13:16:11","slug":"shelly-wall-frame-3","status":"publish","type":"product","link":"https:\/\/shop.smart-infra.ro\/en\/product-2\/shelly-wall-frame-3\/","title":{"rendered":"Shelly Wall Frame 3"},"content":{"rendered":"<div data-elementor-type=\"product-post\" data-elementor-id=\"4448\" class=\"elementor elementor-4448\" data-elementor-post-type=\"product\">\n\t\t\t\t<div class=\"elementor-element elementor-element-4735be43 e-con-full e-flex e-con e-parent\" data-id=\"4735be43\" data-element_type=\"container\">\n\t\t\t\t<div class=\"elementor-element elementor-element-6b471ce6 elementor-widget elementor-widget-text-editor\" data-id=\"6b471ce6\" data-element_type=\"widget\" data-widget_type=\"text-editor.default\">\n\t\t\t\t<div class=\"elementor-widget-container\">\n\t\t\t<style>\/*! elementor - v3.23.0 - 15-07-2024 *\/\n.elementor-widget-text-editor.elementor-drop-cap-view-stacked .elementor-drop-cap{background-color:#69727d;color:#fff}.elementor-widget-text-editor.elementor-drop-cap-view-framed .elementor-drop-cap{color:#69727d;border:3px solid;background-color:transparent}.elementor-widget-text-editor:not(.elementor-drop-cap-view-default) .elementor-drop-cap{margin-top:8px}.elementor-widget-text-editor:not(.elementor-drop-cap-view-default) .elementor-drop-cap-letter{width:1em;height:1em}.elementor-widget-text-editor .elementor-drop-cap{float:left;text-align:center;line-height:1;font-size:50px}.elementor-widget-text-editor .elementor-drop-cap-letter{display:inline-block}<\/style>\t\t\t\t<div id=\"tab-description\" class=\"woocommerce-Tabs-panel panel entry-content wc-tab woocommerce-Tabs-panel--description\" role=\"tabpanel\" aria-labelledby=\"tab-title-description\" data-accordion-index=\"description\">\r\n\r\nBranch Switch Shelly Wall Frame 3\r\n\r\nThe Shelly switch frame must be attached to the Shelly switch knob. The switch frame comes with a frame plate in the same color for an elegant finishing touch.\r\n\r\nDimensions: (LxHxW) - 220mm x 80mm x 10mm\r\n\r\n<\/div>\t\t\t\t\t\t<\/div>\n\t\t\t\t<\/div>\n\t\t\t\t<\/div>\n\t\t\t\t<\/div>","protected":false},"excerpt":{"rendered":"<div id=\"tab-description\" class=\"woocommerce-Tabs-panel panel entry-content wc-tab woocommerce-Tabs-panel--description\" role=\"tabpanel\" aria-labelledby=\"tab-title-description\" data-accordion-index=\"description\">\n<p>Shelly Wall Frame 3<\/p>\n<p>Rama pentru \u00eentrerup\u0103tor Shelly trebuie s\u0103 fie ata\u0219at\u0103 la butonul \u00eentrerup\u0103tor Shelly. Rama comutatorului vine cu o plac\u0103 de ram\u0103 \u00een aceea\u0219i culoare pentru o atingere final\u0103 elegant\u0103.<\/p>\n<p>Dimensiuni: (LxHxW) \u2013 220mm x 80mm x 10mm<\/p>\n<\/div>","protected":false},"featured_media":4560,"comment_status":"open","ping_status":"closed","template":"","meta":[],"product_brand":[52],"product_cat":[29,123,122],"product_tag":[275,222,276,277],"class_list":{"0":"post-4448","1":"product","2":"type-product","3":"status-publish","4":"has-post-thumbnail","6":"product_brand-shelly","7":"product_cat-accesorii","8":"product_cat-intrerupator-inteligent","9":"product_cat-prize-inteligente","10":"product_tag-rama-intrerupator","11":"product_tag-shelly","12":"product_tag-shelly-wall-frame-3","13":"product_tag-trei","15":"first","16":"instock","17":"shipping-taxable","18":"purchasable","19":"product-type-variable","20":"has-default-attributes"},"_links":{"self":[{"href":"https:\/\/shop.smart-infra.ro\/en\/wp-json\/wp\/v2\/product\/4448","targetHints":{"allow":["GET"]}}],"collection":[{"href":"https:\/\/shop.smart-infra.ro\/en\/wp-json\/wp\/v2\/product"}],"about":[{"href":"https:\/\/shop.smart-infra.ro\/en\/wp-json\/wp\/v2\/types\/product"}],"replies":[{"embeddable":true,"href":"https:\/\/shop.smart-infra.ro\/en\/wp-json\/wp\/v2\/comments?post=4448"}],"version-history":[{"count":0,"href":"https:\/\/shop.smart-infra.ro\/en\/wp-json\/wp\/v2\/product\/4448\/revisions"}],"wp:featuredmedia":[{"embeddable":true,"href":"https:\/\/shop.smart-infra.ro\/en\/wp-json\/wp\/v2\/media\/4560"}],"wp:attachment":[{"href":"https:\/\/shop.smart-infra.ro\/en\/wp-json\/wp\/v2\/media?parent=4448"}],"wp:term":[{"taxonomy":"product_brand","embeddable":true,"href":"https:\/\/shop.smart-infra.ro\/en\/wp-json\/wp\/v2\/product_brand?post=4448"},{"taxonomy":"product_cat","embeddable":true,"href":"https:\/\/shop.smart-infra.ro\/en\/wp-json\/wp\/v2\/product_cat?post=4448"},{"taxonomy":"product_tag","embeddable":true,"href":"https:\/\/shop.smart-infra.ro\/en\/wp-json\/wp\/v2\/product_tag?post=4448"}],"curies":[{"name":"wp","href":"https:\/\/api.w.org\/{rel}","templated":true}]}}