{"id":5498,"date":"2023-11-18T11:56:07","date_gmt":"2023-11-18T08:56:07","guid":{"rendered":"https:\/\/shop.smart-infra.ro\/?post_type=product&#038;p=5498"},"modified":"2025-01-09T11:58:33","modified_gmt":"2025-01-09T08:58:33","slug":"serviciul-de-instalare-a-dispozitivelor-inteligente","status":"publish","type":"product","link":"https:\/\/shop.smart-infra.ro\/en\/product-2\/serviciul-de-instalare-a-dispozitivelor-inteligente\/","title":{"rendered":"Smart device installation service"},"content":{"rendered":"<p>Enhance your smart living experience with Smart Infra's exclusive smart device installation service. Designed to make your transition to a connected home seamless, this service ensures that your newly purchased smart devices are installed and working smoothly.<\/p>\n<p>Ce este inclus:<\/p>\n<p><strong>1. \u00cendrumare de specialitate:<\/strong><\/p>\n<p>Echipa noastr\u0103 dedicat\u0103 de exper\u021bi este aici pentru a v\u0103 ghida pe parcursul \u00eentregului proces de instalare. De la despachetare la configurare, suntem al\u0103turi de dvs. la fiecare pas.<\/p>\n<p><strong>2. Configurare personalizat\u0103:<\/strong><\/p>\n<p>Bucura\u021bi-v\u0103 de o experien\u021b\u0103 de configurare f\u0103r\u0103 complica\u021bii, adaptat\u0103 la preferin\u021bele dvs. Personaliz\u0103m set\u0103rile dispozitivelor dvs. inteligente, asigur\u00e2ndu-ne c\u0103 acestea se aliniaz\u0103 perfect cu stilul dvs. de via\u021b\u0103 \u0219i nevoile dvs.<\/p>\n<p><strong>3. Instalarea \u0219i configurarea aplica\u021biilor:<\/strong><\/p>\n<p>L\u0103sa\u021bi-ne pe noi s\u0103 ne ocup\u0103m de detaliile tehnice. Vom instala \u0219i configura aplica\u021bia dedicat\u0103 pentru dispozitivele dvs. inteligente, asigur\u00e2ndu-v\u0103 o conexiune f\u0103r\u0103 probleme la re\u021beaua dvs. de acas\u0103.<\/p>\n<p><strong>4. Crearea unui cont securizat:<\/strong><\/p>\n<p>Pentru o securitate sporit\u0103 \u0219i un control f\u0103r\u0103 \u00eentreruperi al dispozitivelor, v\u0103 ajut\u0103m s\u0103 crea\u021bi un cont securizat \u00een cadrul aplica\u021biei. Confiden\u021bialitatea datelor dvs. este prioritatea noastr\u0103.<\/p>\n<p><strong>5. Conectivitate de re\u021bea:<\/strong><\/p>\n<p>Spune\u021bi adio problemelor de conectivitate. Ne vom asigura c\u0103 dispozitivele dvs. inteligente sunt conectate f\u0103r\u0103 probleme la re\u021beaua Wi-Fi de acas\u0103 sau c\u0103 sunt \u00eemperecheate cu smartphone-ul dvs. prin Bluetooth.<\/p>\n<p><strong>6. Actualiz\u0103ri de firmware:<\/strong><\/p>\n<p>R\u0103m\u00e2ne\u021bi la curent cu cele mai recente caracteristici \u0219i \u00eembun\u0103t\u0103\u021biri de securitate. Echipa noastr\u0103 va verifica \u0219i va instala orice actualiz\u0103ri de firmware disponibile pentru dispozitivele dvs.<\/p>\n<p><strong>7. Testarea \u0219i verificarea:<\/strong><\/p>\n<p>\u00cenainte de a v\u0103 preda controlul, test\u0103m riguros fiecare dispozitiv pentru a-i verifica func\u021bionalitatea. Sta\u021bi lini\u0219tit, \u0219tiind c\u0103 dispozitivele dvs. inteligente sunt gata s\u0103 v\u0103 \u00eembun\u0103t\u0103\u021beasc\u0103 via\u021ba de zi cu zi.<\/p>\n<p><strong>Cum s\u0103 \u00eencepe\u021bi:<\/strong><br \/>\nCump\u0103ra\u021bi-v\u0103 dispozitivele inteligente: Selecta\u021bi dispozitivele inteligente preferate din magazinul noastru.<br \/>\nAd\u0103uga\u021bi serviciul de instalare a dispozitivelor inteligente de la Smart Infra: \u00cen timpul procesului de achizi\u021bie, \u00eembun\u0103t\u0103\u021bi\u021bi-v\u0103 comanda ad\u0103ug\u00e2nd serviciul nostru de instalare.<br \/>\nRelaxa\u021bi-v\u0103: Odat\u0103 ce dispozitivele dvs. inteligente sosesc, exper\u021bii no\u0219tri \u00een instalare v\u0103 vor contacta pentru a programa o or\u0103 convenabil\u0103 pentru instalare.<\/p>\n<p><strong>De ce s\u0103 alege\u021bi serviciul de instalare a dispozitivelor inteligente de la Smart Infra:<\/strong><br \/>\nExper\u021bii no\u0219tri se ocup\u0103 de aspectele tehnice, astfel \u00eenc\u00e2t v\u0103 pute\u021bi bucura de dispozitivele dvs. inteligente f\u0103r\u0103 b\u0103t\u0103i de cap.<br \/>\nTrece\u021bi peste curba de \u00eenv\u0103\u021bare. V\u0103 vom pune dispozitivele \u00een func\u021biune \u00een cel mai scurt timp.<br \/>\nAve\u021bi \u00eentreb\u0103ri sau ave\u021bi nevoie de asisten\u021b\u0103? Echipa noastr\u0103 este la doar un mesaj distan\u021b\u0103.<\/p>","protected":false},"excerpt":{"rendered":"<p>Enhance your smart living experience with Smart Infra's exclusive smart device installation service. Designed to make your transition to a connected home seamless, this service ensures that your newly purchased smart devices are installed and working smoothly.<\/p>","protected":false},"featured_media":4223,"comment_status":"open","ping_status":"closed","template":"","meta":[],"product_brand":[112,111,57,52],"product_cat":[130,131,134,135,31,121,129,123,122,63,139,126,132,138,133,124],"product_tag":[219,225,221,220,191,224,167,222,223],"class_list":{"0":"post-5498","1":"product","2":"type-product","3":"status-publish","4":"has-post-thumbnail","6":"product_brand-kmw","7":"product_brand-sonoff","8":"product_brand-nuki","9":"product_brand-shelly","10":"product_cat-alarme","11":"product_cat-alarma-incendiu","12":"product_cat-benzi-led","13":"product_cat-benzi-led-inteligente","14":"product_cat-cele-mai-vandute","15":"product_cat-incuietori-inteligente","16":"product_cat-interfon-video","17":"product_cat-intrerupator-inteligent","18":"product_cat-prize-inteligente","19":"product_cat-produse-populare","20":"product_cat-relee-inteligente","21":"product_cat-senzori","22":"product_cat-senzori-de-miscare","23":"product_cat-tastaturi","24":"product_cat-telecomenzi-inteligente","25":"product_cat-termostate-inteligente","26":"product_tag-dispozitive","27":"product_tag-instalare","28":"product_tag-instalare-dispozitive","29":"product_tag-inteligente","30":"product_tag-nuki","31":"product_tag-serviciu","32":"product_tag-serviciu-instalare","33":"product_tag-shelly","34":"product_tag-sonoff","36":"first","37":"instock","38":"sale","39":"virtual","40":"sold-individually","41":"purchasable","42":"product-type-simple"},"_links":{"self":[{"href":"https:\/\/shop.smart-infra.ro\/en\/wp-json\/wp\/v2\/product\/5498","targetHints":{"allow":["GET"]}}],"collection":[{"href":"https:\/\/shop.smart-infra.ro\/en\/wp-json\/wp\/v2\/product"}],"about":[{"href":"https:\/\/shop.smart-infra.ro\/en\/wp-json\/wp\/v2\/types\/product"}],"replies":[{"embeddable":true,"href":"https:\/\/shop.smart-infra.ro\/en\/wp-json\/wp\/v2\/comments?post=5498"}],"version-history":[{"count":0,"href":"https:\/\/shop.smart-infra.ro\/en\/wp-json\/wp\/v2\/product\/5498\/revisions"}],"wp:featuredmedia":[{"embeddable":true,"href":"https:\/\/shop.smart-infra.ro\/en\/wp-json\/wp\/v2\/media\/4223"}],"wp:attachment":[{"href":"https:\/\/shop.smart-infra.ro\/en\/wp-json\/wp\/v2\/media?parent=5498"}],"wp:term":[{"taxonomy":"product_brand","embeddable":true,"href":"https:\/\/shop.smart-infra.ro\/en\/wp-json\/wp\/v2\/product_brand?post=5498"},{"taxonomy":"product_cat","embeddable":true,"href":"https:\/\/shop.smart-infra.ro\/en\/wp-json\/wp\/v2\/product_cat?post=5498"},{"taxonomy":"product_tag","embeddable":true,"href":"https:\/\/shop.smart-infra.ro\/en\/wp-json\/wp\/v2\/product_tag?post=5498"}],"curies":[{"name":"wp","href":"https:\/\/api.w.org\/{rel}","templated":true}]}}