{"id":5787,"date":"2024-01-15T22:03:00","date_gmt":"2024-01-15T19:03:00","guid":{"rendered":"https:\/\/shop.smart-infra.ro\/?post_type=product&#038;p=5787"},"modified":"2025-05-20T16:19:28","modified_gmt":"2025-05-20T13:19:28","slug":"ajax-wallswitch-wireless-power-relay","status":"publish","type":"product","link":"https:\/\/shop.smart-infra.ro\/en\/product-2\/ajax-wallswitch-wireless-power-relay\/","title":{"rendered":"Ajax WallSwitch Wireless Power Relay"},"content":{"rendered":"<p>Ajax WallSwitch Wireless Power Relay is a wireless power relay that turns on\/off household appliances and tracks energy consumption via a mobile app or web browser.<\/p>\n<p>It offers\u00a0<strong>overheating and overvoltage protection<\/strong>\u00a0and communicates bi-directionally with the Hub over a distance of up to 1000 meters in open space.<\/p>","protected":false},"excerpt":{"rendered":"<p>Releu de alimentare wireless Ajax WallSwitch este un releu de alimentare wireless ce activeaz\u0103\/dezactiveaz\u0103 aparatele de uz casnic \u0219i urm\u0103re\u0219te consumul de energie prin intermediul unei aplica\u021bii mobile sau al unui browser web. Acesta ofer\u0103\u00a0protec\u021bie la supra\u00eenc\u0103lzire \u0219i supratensiune\u00a0\u0219i comunic\u0103 bidirec\u021bional cu Hub-ul pe o distan\u021b\u0103 de p\u00e2n\u0103 la 1000 de metri \u00een spa\u021biu deschis.<\/p>","protected":false},"featured_media":5788,"comment_status":"open","ping_status":"closed","template":"","meta":[],"product_brand":[212,112],"product_cat":[139],"product_tag":[163],"class_list":{"0":"post-5787","1":"product","2":"type-product","3":"status-publish","4":"has-post-thumbnail","6":"product_brand-ajax","7":"product_brand-kmw","8":"product_cat-relee-inteligente","9":"product_tag-releu","11":"first","12":"instock","13":"shipping-taxable","14":"purchasable","15":"product-type-simple"},"_links":{"self":[{"href":"https:\/\/shop.smart-infra.ro\/en\/wp-json\/wp\/v2\/product\/5787","targetHints":{"allow":["GET"]}}],"collection":[{"href":"https:\/\/shop.smart-infra.ro\/en\/wp-json\/wp\/v2\/product"}],"about":[{"href":"https:\/\/shop.smart-infra.ro\/en\/wp-json\/wp\/v2\/types\/product"}],"replies":[{"embeddable":true,"href":"https:\/\/shop.smart-infra.ro\/en\/wp-json\/wp\/v2\/comments?post=5787"}],"version-history":[{"count":2,"href":"https:\/\/shop.smart-infra.ro\/en\/wp-json\/wp\/v2\/product\/5787\/revisions"}],"predecessor-version":[{"id":6997,"href":"https:\/\/shop.smart-infra.ro\/en\/wp-json\/wp\/v2\/product\/5787\/revisions\/6997"}],"wp:featuredmedia":[{"embeddable":true,"href":"https:\/\/shop.smart-infra.ro\/en\/wp-json\/wp\/v2\/media\/5788"}],"wp:attachment":[{"href":"https:\/\/shop.smart-infra.ro\/en\/wp-json\/wp\/v2\/media?parent=5787"}],"wp:term":[{"taxonomy":"product_brand","embeddable":true,"href":"https:\/\/shop.smart-infra.ro\/en\/wp-json\/wp\/v2\/product_brand?post=5787"},{"taxonomy":"product_cat","embeddable":true,"href":"https:\/\/shop.smart-infra.ro\/en\/wp-json\/wp\/v2\/product_cat?post=5787"},{"taxonomy":"product_tag","embeddable":true,"href":"https:\/\/shop.smart-infra.ro\/en\/wp-json\/wp\/v2\/product_tag?post=5787"}],"curies":[{"name":"wp","href":"https:\/\/api.w.org\/{rel}","templated":true}]}}