{"id":6532,"date":"2025-01-08T16:20:43","date_gmt":"2025-01-08T13:20:43","guid":{"rendered":"https:\/\/shop.smart-infra.ro\/?post_type=product&#038;p=6532"},"modified":"2025-05-19T17:21:46","modified_gmt":"2025-05-19T14:21:46","slug":"set-nuki-home-ultra-basic-tastatura-inteligenta-nuki-keypad-incuietoare-inteligenta-nuki-ultra","status":"publish","type":"product","link":"https:\/\/shop.smart-infra.ro\/en\/product-2\/set-nuki-home-ultra-basic-tastatura-inteligenta-nuki-keypad-incuietoare-inteligenta-nuki-ultra\/","title":{"rendered":"Nuki Home Ultra Basic set with Nuki Keypad and Nuki Ultra Matter smart lock"},"content":{"rendered":"<div data-elementor-type=\"product-post\" data-elementor-id=\"6532\" class=\"elementor elementor-6532\" data-elementor-post-type=\"product\">\n\t\t\t\t\t\t<section class=\"elementor-section elementor-top-section elementor-element elementor-element-66ef29e7 elementor-section-full_width elementor-section-gap-beside-yes elementor-section-height-default elementor-section-height-default elementor-section-content-align-center elementor-section-column-vertical-align-stretch\" data-id=\"66ef29e7\" data-element_type=\"section\">\n\t\t\t\t\t\t<div class=\"elementor-container elementor-column-gap-extended\">\n\t\t\t\t\t<div class=\"elementor-column elementor-col-100 elementor-top-column elementor-element elementor-element-7efda2f3\" data-id=\"7efda2f3\" data-element_type=\"column\">\n\t\t\t<div class=\"elementor-widget-wrap elementor-element-populated\">\n\t\t\t\t\t\t<div class=\"elementor-element elementor-element-320e8609 elementor-widget elementor-widget-text-editor\" data-id=\"320e8609\" data-element_type=\"widget\" data-widget_type=\"text-editor.default\">\n\t\t\t\t<div class=\"elementor-widget-container\">\n\t\t\t<style>\/*! elementor - v3.23.0 - 15-07-2024 *\/\n.elementor-widget-text-editor.elementor-drop-cap-view-stacked .elementor-drop-cap{background-color:#69727d;color:#fff}.elementor-widget-text-editor.elementor-drop-cap-view-framed .elementor-drop-cap{color:#69727d;border:3px solid;background-color:transparent}.elementor-widget-text-editor:not(.elementor-drop-cap-view-default) .elementor-drop-cap{margin-top:8px}.elementor-widget-text-editor:not(.elementor-drop-cap-view-default) .elementor-drop-cap-letter{width:1em;height:1em}.elementor-widget-text-editor .elementor-drop-cap{float:left;text-align:center;line-height:1;font-size:50px}.elementor-widget-text-editor .elementor-drop-cap-letter{display:inline-block}<\/style>\t\t\t\t<p><strong>Nuki Home Ultra Basic set with Nuki Keypad and Nuki Ultra Matter smart lock<br \/><br \/>Set Nuki Home Ultra Basic \u2013 Acces inteligent \u0219i securitate avansat\u0103<\/strong><\/p><p>Transform\u0103-\u021bi locuin\u021ba \u00eentr-un spa\u021biu inteligent \u0219i sigur cu <strong>Setul Nuki Home Ultra Basic<\/strong>, which includes <strong>Nuki Ultra Matter smart lock<\/strong> and <strong>tastatura inteligent\u0103 Nuki Keypad<\/strong>. Bucur\u0103-te de acces f\u0103r\u0103 cheie, control de la distan\u021b\u0103 \u0219i integrare perfect\u0103 cu ecosistemele smart home. Tehnologia <strong>Matter<\/strong> asigur\u0103 compatibilitate extins\u0103, iar Nuki Keypad \u00ee\u021bi ofer\u0103 un mod rapid \u0219i sigur de a intra \u00een cas\u0103 f\u0103r\u0103 telefon sau chei. Ideal pentru confort maxim \u0219i protec\u021bie de ultim\u0103 genera\u021bie!<\/p>\t\t\t\t\t\t<\/div>\n\t\t\t\t<\/div>\n\t\t\t\t\t<\/div>\n\t\t<\/div>\n\t\t\t\t\t<\/div>\n\t\t<\/section>\n\t\t\t\t<\/div>","protected":false},"excerpt":{"rendered":"<p>Nuki Home Ultra Basic set with Nuki Keypad and Nuki Ultra Matter smart lock<\/p>\n<p><strong>Acces inteligent \u0219i securitate avansat\u0103<\/strong><\/p>\n<p>Transform\u0103-\u021bi locuin\u021ba \u00eentr-un spa\u021biu inteligent \u0219i sigur cu <strong>Setul Nuki Home Ultra Basic<\/strong>, which includes <strong>Nuki Ultra Matter smart lock<\/strong> and <strong>tastatura inteligent\u0103 Nuki Keypad<\/strong>. Bucur\u0103-te de acces f\u0103r\u0103 cheie, control de la distan\u021b\u0103 \u0219i integrare perfect\u0103 cu ecosistemele smart home. Tehnologia <strong>Matter<\/strong> asigur\u0103 compatibilitate extins\u0103, iar Nuki Keypad \u00ee\u021bi ofer\u0103 un mod rapid \u0219i sigur de a intra \u00een cas\u0103 f\u0103r\u0103 telefon sau chei.<br \/>\nIdeal pentru confort maxim \u0219i protec\u021bie de ultim\u0103 genera\u021bie.<\/p>","protected":false},"featured_media":6533,"comment_status":"open","ping_status":"closed","template":"","meta":[],"product_brand":[57],"product_cat":[31,121,63,138],"product_tag":[214,197,215,201,191,216,217,202,205,213],"class_list":{"0":"post-6532","1":"product","2":"type-product","3":"status-publish","4":"has-post-thumbnail","6":"product_brand-nuki","7":"product_cat-cele-mai-vandute","8":"product_cat-incuietori-inteligente","9":"product_cat-produse-populare","10":"product_cat-tastaturi","11":"product_tag-home-ultra-basic","12":"product_tag-inteligenta","13":"product_tag-keypad","14":"product_tag-matter","15":"product_tag-nuki","16":"product_tag-nuki-keypad","17":"product_tag-nuki-ultra","18":"product_tag-set","19":"product_tag-tastatura","20":"product_tag-ultra","22":"first","23":"instock","24":"sale","25":"shipping-taxable","26":"purchasable","27":"product-type-simple"},"_links":{"self":[{"href":"https:\/\/shop.smart-infra.ro\/en\/wp-json\/wp\/v2\/product\/6532","targetHints":{"allow":["GET"]}}],"collection":[{"href":"https:\/\/shop.smart-infra.ro\/en\/wp-json\/wp\/v2\/product"}],"about":[{"href":"https:\/\/shop.smart-infra.ro\/en\/wp-json\/wp\/v2\/types\/product"}],"replies":[{"embeddable":true,"href":"https:\/\/shop.smart-infra.ro\/en\/wp-json\/wp\/v2\/comments?post=6532"}],"version-history":[{"count":1,"href":"https:\/\/shop.smart-infra.ro\/en\/wp-json\/wp\/v2\/product\/6532\/revisions"}],"predecessor-version":[{"id":6978,"href":"https:\/\/shop.smart-infra.ro\/en\/wp-json\/wp\/v2\/product\/6532\/revisions\/6978"}],"wp:featuredmedia":[{"embeddable":true,"href":"https:\/\/shop.smart-infra.ro\/en\/wp-json\/wp\/v2\/media\/6533"}],"wp:attachment":[{"href":"https:\/\/shop.smart-infra.ro\/en\/wp-json\/wp\/v2\/media?parent=6532"}],"wp:term":[{"taxonomy":"product_brand","embeddable":true,"href":"https:\/\/shop.smart-infra.ro\/en\/wp-json\/wp\/v2\/product_brand?post=6532"},{"taxonomy":"product_cat","embeddable":true,"href":"https:\/\/shop.smart-infra.ro\/en\/wp-json\/wp\/v2\/product_cat?post=6532"},{"taxonomy":"product_tag","embeddable":true,"href":"https:\/\/shop.smart-infra.ro\/en\/wp-json\/wp\/v2\/product_tag?post=6532"}],"curies":[{"name":"wp","href":"https:\/\/api.w.org\/{rel}","templated":true}]}}