{"id":6962,"date":"2025-05-19T16:23:32","date_gmt":"2025-05-19T13:23:32","guid":{"rendered":"https:\/\/shop.smart-infra.ro\/?post_type=product&#038;p=6962"},"modified":"2025-05-19T17:16:05","modified_gmt":"2025-05-19T14:16:05","slug":"incuietoare-inteligenta-nuki-smart-lock-pro-5th-gen-bluetooth-5-0-wi-fi-integrat-matter-over-thread","status":"publish","type":"product","link":"https:\/\/shop.smart-infra.ro\/en\/product-2\/incuietoare-inteligenta-nuki-smart-lock-pro-5th-gen-bluetooth-5-0-wi-fi-integrat-matter-over-thread\/","title":{"rendered":"Nuki Smart Lock Pro 5th Gen Bluetooth 5.0 Integrated Wi-Fi Matter over Thread Smart Locks"},"content":{"rendered":"<div data-elementor-type=\"product-post\" data-elementor-id=\"6962\" class=\"elementor elementor-6962\" data-elementor-post-type=\"product\">\n\t\t\t\t<div class=\"elementor-element elementor-element-5a6d786 e-con-full e-flex e-con e-parent\" data-id=\"5a6d786\" data-element_type=\"container\">\n\t\t<section class=\"elementor-element elementor-element-d389dee animated-fast e-con-full e-flex e-con e-child\" data-id=\"d389dee\" data-element_type=\"container\" data-settings=\"{&quot;background_background&quot;:&quot;classic&quot;,&quot;animation&quot;:&quot;none&quot;}\">\n\t\t<div class=\"elementor-element elementor-element-dfdf081 e-con-full e-flex e-con e-child\" data-id=\"dfdf081\" data-element_type=\"container\">\n\t\t<div class=\"elementor-element elementor-element-9925ffa e-con-full e-flex e-con e-child\" data-id=\"9925ffa\" data-element_type=\"container\">\n\t\t<div class=\"elementor-element elementor-element-cdb0119 e-con-full e-flex e-con e-child\" data-id=\"cdb0119\" data-element_type=\"container\">\n\t\t\t\t<div class=\"elementor-element elementor-element-e9957a6 elementor-widget elementor-widget-heading\" data-id=\"e9957a6\" data-element_type=\"widget\" data-settings=\"{&quot;_animation&quot;:&quot;none&quot;}\" data-widget_type=\"heading.default\">\n\t\t\t\t<div class=\"elementor-widget-container\">\n\t\t\t<style>\/*! elementor - v3.23.0 - 15-07-2024 *\/\n.elementor-heading-title{padding:0;margin:0;line-height:1}.elementor-widget-heading .elementor-heading-title[class*=elementor-size-]>a{color:inherit;font-size:inherit;line-height:inherit}.elementor-widget-heading .elementor-heading-title.elementor-size-small{font-size:15px}.elementor-widget-heading .elementor-heading-title.elementor-size-medium{font-size:19px}.elementor-widget-heading .elementor-heading-title.elementor-size-large{font-size:29px}.elementor-widget-heading .elementor-heading-title.elementor-size-xl{font-size:39px}.elementor-widget-heading .elementor-heading-title.elementor-size-xxl{font-size:59px}<\/style><h2 class=\"elementor-heading-title elementor-size-xl\">Smart Lock Pro.<\/h2>\t\t<\/div>\n\t\t\t\t<\/div>\n\t\t\t\t<\/div>\n\t\t\t\t<\/div>\n\t\t<div class=\"elementor-element elementor-element-d14b50a e-con-full e-flex elementor-invisible e-con e-child\" data-id=\"d14b50a\" data-element_type=\"container\" data-settings=\"{&quot;animation&quot;:&quot;fadeInUp&quot;}\">\n\t\t<div class=\"elementor-element elementor-element-33164f2 e-con-full e-flex e-con e-child\" data-id=\"33164f2\" data-element_type=\"container\">\n\t\t\t\t<div class=\"elementor-element elementor-element-0d24c8f elementor-widget elementor-widget-image\" data-id=\"0d24c8f\" data-element_type=\"widget\" data-settings=\"{&quot;_animation&quot;:&quot;none&quot;}\" data-widget_type=\"image.default\">\n\t\t\t\t<div class=\"elementor-widget-container\">\n\t\t\t<style>\/*! elementor - v3.23.0 - 15-07-2024 *\/\n.elementor-widget-image{text-align:center}.elementor-widget-image a{display:inline-block}.elementor-widget-image a img[src$=\".svg\"]{width:48px}.elementor-widget-image img{vertical-align:middle;display:inline-block}<\/style>\t\t\t\t\t\t\t\t\t\t<img decoding=\"async\" width=\"80\" height=\"80\" src=\"https:\/\/shop.smart-infra.ro\/wp-content\/uploads\/2024\/11\/icon_faster.svg\" class=\"attachment-full size-full wp-image-6390\" alt=\"\" title=\"\">\t\t\t\t\t\t\t\t\t\t\t\t\t<\/div>\n\t\t\t\t<\/div>\n\t\t\t\t<div class=\"elementor-element elementor-element-3322f04 elementor-widget elementor-widget-heading\" data-id=\"3322f04\" data-element_type=\"widget\" data-settings=\"{&quot;_animation&quot;:&quot;none&quot;,&quot;_animation_delay&quot;:400}\" data-widget_type=\"heading.default\">\n\t\t\t\t<div class=\"elementor-widget-container\">\n\t\t\t<h2 class=\"elementor-heading-title elementor-size-medium\">Three times faster<\/h2>\t\t<\/div>\n\t\t\t\t<\/div>\n\t\t\t\t<div class=\"elementor-element elementor-element-a7f8c28 elementor-widget elementor-widget-heading\" data-id=\"a7f8c28\" data-element_type=\"widget\" data-settings=\"{&quot;_animation&quot;:&quot;none&quot;,&quot;_animation_delay&quot;:400}\" data-widget_type=\"heading.default\">\n\t\t\t\t<div class=\"elementor-widget-container\">\n\t\t\t<h2 class=\"elementor-heading-title elementor-size-medium\">Lock and unlock in record time with a single tap<\/h2>\t\t<\/div>\n\t\t\t\t<\/div>\n\t\t\t\t<\/div>\n\t\t<div class=\"elementor-element elementor-element-9df6503 e-con-full e-flex e-con e-child\" data-id=\"9df6503\" data-element_type=\"container\">\n\t\t\t\t<div class=\"elementor-element elementor-element-ef21f4d elementor-widget elementor-widget-image\" data-id=\"ef21f4d\" data-element_type=\"widget\" data-settings=\"{&quot;_animation&quot;:&quot;none&quot;}\" data-widget_type=\"image.default\">\n\t\t\t\t<div class=\"elementor-widget-container\">\n\t\t\t\t\t\t\t\t\t\t\t\t\t<img decoding=\"async\" width=\"80\" height=\"80\" src=\"https:\/\/shop.smart-infra.ro\/wp-content\/uploads\/2024\/11\/icon_smaller.svg\" class=\"attachment-full size-full wp-image-6392\" alt=\"\" title=\"\">\t\t\t\t\t\t\t\t\t\t\t\t\t<\/div>\n\t\t\t\t<\/div>\n\t\t\t\t<div class=\"elementor-element elementor-element-69d4bf3 elementor-widget elementor-widget-heading\" data-id=\"69d4bf3\" data-element_type=\"widget\" data-settings=\"{&quot;_animation&quot;:&quot;none&quot;,&quot;_animation_delay&quot;:400}\" data-widget_type=\"heading.default\">\n\t\t\t\t<div class=\"elementor-widget-container\">\n\t\t\t<h2 class=\"elementor-heading-title elementor-size-medium\">Three times smaller<\/h2>\t\t<\/div>\n\t\t\t\t<\/div>\n\t\t\t\t<div class=\"elementor-element elementor-element-5583a22 elementor-widget elementor-widget-heading\" data-id=\"5583a22\" data-element_type=\"widget\" data-settings=\"{&quot;_animation&quot;:&quot;none&quot;,&quot;_animation_delay&quot;:400}\" data-widget_type=\"heading.default\">\n\t\t\t\t<div class=\"elementor-widget-container\">\n\t\t\t<h2 class=\"elementor-heading-title elementor-size-medium\">Modern form factor with a stainless steel body<\/h2>\t\t<\/div>\n\t\t\t\t<\/div>\n\t\t\t\t<\/div>\n\t\t<div class=\"elementor-element elementor-element-5d78081 e-con-full e-flex e-con e-child\" data-id=\"5d78081\" data-element_type=\"container\">\n\t\t\t\t<div class=\"elementor-element elementor-element-b1fe26b elementor-widget elementor-widget-image\" data-id=\"b1fe26b\" data-element_type=\"widget\" data-settings=\"{&quot;_animation&quot;:&quot;none&quot;}\" data-widget_type=\"image.default\">\n\t\t\t\t<div class=\"elementor-widget-container\">\n\t\t\t\t\t\t\t\t\t\t\t\t\t<img decoding=\"async\" width=\"80\" height=\"80\" src=\"https:\/\/shop.smart-infra.ro\/wp-content\/uploads\/2024\/11\/icon_secure.svg\" class=\"attachment-medium size-medium wp-image-6391\" alt=\"\" title=\"\">\t\t\t\t\t\t\t\t\t\t\t\t\t<\/div>\n\t\t\t\t<\/div>\n\t\t\t\t<div class=\"elementor-element elementor-element-a007e45 elementor-widget elementor-widget-heading\" data-id=\"a007e45\" data-element_type=\"widget\" data-settings=\"{&quot;_animation&quot;:&quot;none&quot;,&quot;_animation_delay&quot;:400}\" data-widget_type=\"heading.default\">\n\t\t\t\t<div class=\"elementor-widget-container\">\n\t\t\t<h2 class=\"elementor-heading-title elementor-size-medium\">Maximum security<\/h2>\t\t<\/div>\n\t\t\t\t<\/div>\n\t\t\t\t<div class=\"elementor-element elementor-element-0502b6e elementor-widget elementor-widget-heading\" data-id=\"0502b6e\" data-element_type=\"widget\" data-settings=\"{&quot;_animation&quot;:&quot;none&quot;,&quot;_animation_delay&quot;:400}\" data-widget_type=\"heading.default\">\n\t\t\t\t<div class=\"elementor-widget-container\">\n\t\t\t<h2 class=\"elementor-heading-title elementor-size-medium\">Integrated premium Universal Cylinder for your safety<\/h2>\t\t<\/div>\n\t\t\t\t<\/div>\n\t\t\t\t<\/div>\n\t\t\t\t<\/div>\n\t\t\t\t<\/div>\n\t\t\t\t<\/section>\n\t\t\t\t<\/div>\n\t\t<div class=\"elementor-element elementor-element-b0e0063 e-flex e-con-boxed elementor-invisible e-con e-parent\" data-id=\"b0e0063\" data-element_type=\"container\" data-settings=\"{&quot;animation&quot;:&quot;fadeInUp&quot;,&quot;background_background&quot;:&quot;classic&quot;}\">\n\t\t\t\t\t<div class=\"e-con-inner\">\n\t\t<div class=\"elementor-element elementor-element-270f2b2 e-con-full e-flex e-con e-child\" data-id=\"270f2b2\" data-element_type=\"container\" data-settings=\"{&quot;animation&quot;:&quot;none&quot;}\">\n\t\t\t\t<div class=\"elementor-element elementor-element-8234702 elementor-widget elementor-widget-heading\" data-id=\"8234702\" data-element_type=\"widget\" data-settings=\"{&quot;_animation&quot;:&quot;none&quot;}\" data-widget_type=\"heading.default\">\n\t\t\t\t<div class=\"elementor-widget-container\">\n\t\t\t<h2 class=\"elementor-heading-title elementor-size-medium\">Brushless Motor<\/h2>\t\t<\/div>\n\t\t\t\t<\/div>\n\t\t\t\t<div class=\"elementor-element elementor-element-85566a4 elementor-widget elementor-widget-heading\" data-id=\"85566a4\" data-element_type=\"widget\" data-settings=\"{&quot;_animation&quot;:&quot;none&quot;,&quot;_animation_delay&quot;:400}\" data-widget_type=\"heading.default\">\n\t\t\t\t<div class=\"elementor-widget-container\">\n\t\t\t<h2 class=\"elementor-heading-title elementor-size-medium\">The 5th generation Pro is the second Nuki Smart Lock equipped with a brushless motor, a technology renowned for its energy efficiency and commonly used in electric vehicles.<\/h2>\t\t<\/div>\n\t\t\t\t<\/div>\n\t\t\t\t<\/div>\n\t\t<div class=\"elementor-element elementor-element-795f4ca e-con-full e-flex e-con e-child\" data-id=\"795f4ca\" data-element_type=\"container\">\n\t\t\t\t<div class=\"elementor-element elementor-element-a734d74 elementor-widget elementor-widget-video\" data-id=\"a734d74\" data-element_type=\"widget\" data-settings=\"{&quot;video_type&quot;:&quot;hosted&quot;,&quot;autoplay&quot;:&quot;yes&quot;,&quot;play_on_mobile&quot;:&quot;yes&quot;,&quot;loop&quot;:&quot;yes&quot;}\" data-widget_type=\"video.default\">\n\t\t\t\t<div class=\"elementor-widget-container\">\n\t\t\t<style>\/*! elementor - v3.23.0 - 15-07-2024 *\/\n.elementor-widget-video .elementor-widget-container{overflow:hidden;transform:translateZ(0)}.elementor-widget-video .elementor-wrapper{aspect-ratio:var(--video-aspect-ratio)}.elementor-widget-video .elementor-wrapper iframe,.elementor-widget-video .elementor-wrapper video{height:100%;width:100%;display:flex;border:none;background-color:#000}@supports not (aspect-ratio:1\/1){.elementor-widget-video .elementor-wrapper{position:relative;overflow:hidden;height:0;padding-bottom:calc(100% \/ var(--video-aspect-ratio))}.elementor-widget-video .elementor-wrapper iframe,.elementor-widget-video .elementor-wrapper video{position:absolute;top:0;right:0;bottom:0;left:0}}.elementor-widget-video .elementor-open-inline .elementor-custom-embed-image-overlay{position:absolute;top:0;right:0;bottom:0;left:0;background-size:cover;background-position:50%}.elementor-widget-video .elementor-custom-embed-image-overlay{cursor:pointer;text-align:center}.elementor-widget-video .elementor-custom-embed-image-overlay:hover .elementor-custom-embed-play i{opacity:1}.elementor-widget-video .elementor-custom-embed-image-overlay img{display:block;width:100%;aspect-ratio:var(--video-aspect-ratio);-o-object-fit:cover;object-fit:cover;-o-object-position:center center;object-position:center center}@supports not (aspect-ratio:1\/1){.elementor-widget-video .elementor-custom-embed-image-overlay{position:relative;overflow:hidden;height:0;padding-bottom:calc(100% \/ var(--video-aspect-ratio))}.elementor-widget-video .elementor-custom-embed-image-overlay img{position:absolute;top:0;right:0;bottom:0;left:0}}.elementor-widget-video .e-hosted-video .elementor-video{-o-object-fit:cover;object-fit:cover}.e-con-inner>.elementor-widget-video,.e-con>.elementor-widget-video{width:var(--container-widget-width);--flex-grow:var(--container-widget-flex-grow)}<\/style>\t\t<div class=\"e-hosted-video elementor-wrapper elementor-open-inline\">\n\t\t\t\t\t<video class=\"elementor-video\" src=\"https:\/\/shop.smart-infra.ro\/wp-content\/uploads\/2024\/11\/ultra_motor_b.mp4\" autoplay=\"\" loop=\"\" playsinline=\"\" controlslist=\"nodownload\"><\/video>\n\t\t\t\t<\/div>\n\t\t\t\t<\/div>\n\t\t\t\t<\/div>\n\t\t\t\t<\/div>\n\t\t\t\t\t<\/div>\n\t\t\t\t<\/div>\n\t\t<div class=\"elementor-element elementor-element-0975274 e-flex e-con-boxed e-con e-parent\" data-id=\"0975274\" data-element_type=\"container\">\n\t\t\t\t\t<div class=\"e-con-inner\">\n\t\t<div class=\"elementor-element elementor-element-e542f47 e-con-full e-flex e-con e-child\" data-id=\"e542f47\" data-element_type=\"container\">\n\t\t\t\t<div class=\"elementor-element elementor-element-17d021c elementor-widget elementor-widget-spacer\" data-id=\"17d021c\" data-element_type=\"widget\" data-widget_type=\"spacer.default\">\n\t\t\t\t<div class=\"elementor-widget-container\">\n\t\t\t<style>\/*! elementor - v3.23.0 - 15-07-2024 *\/\n.elementor-column .elementor-spacer-inner{height:var(--spacer-size)}.e-con{--container-widget-width:100%}.e-con-inner>.elementor-widget-spacer,.e-con>.elementor-widget-spacer{width:var(--container-widget-width,var(--spacer-size));--align-self:var(--container-widget-align-self,initial);--flex-shrink:0}.e-con-inner>.elementor-widget-spacer>.elementor-widget-container,.e-con>.elementor-widget-spacer>.elementor-widget-container{height:100%;width:100%}.e-con-inner>.elementor-widget-spacer>.elementor-widget-container>.elementor-spacer,.e-con>.elementor-widget-spacer>.elementor-widget-container>.elementor-spacer{height:100%}.e-con-inner>.elementor-widget-spacer>.elementor-widget-container>.elementor-spacer>.elementor-spacer-inner,.e-con>.elementor-widget-spacer>.elementor-widget-container>.elementor-spacer>.elementor-spacer-inner{height:var(--container-widget-height,var(--spacer-size))}.e-con-inner>.elementor-widget-spacer.elementor-widget-empty,.e-con>.elementor-widget-spacer.elementor-widget-empty{position:relative;min-height:22px;min-width:22px}.e-con-inner>.elementor-widget-spacer.elementor-widget-empty .elementor-widget-empty-icon,.e-con>.elementor-widget-spacer.elementor-widget-empty .elementor-widget-empty-icon{position:absolute;top:0;bottom:0;left:0;right:0;margin:auto;padding:0;width:22px;height:22px}<\/style>\t\t<div class=\"elementor-spacer\">\n\t\t\t<div class=\"elementor-spacer-inner\"><\/div>\n\t\t<\/div>\n\t\t\t\t<\/div>\n\t\t\t\t<\/div>\n\t\t\t\t<\/div>\n\t\t\t\t\t<\/div>\n\t\t\t\t<\/div>\n\t\t<div class=\"elementor-element elementor-element-4a48f47 e-con-full e-flex elementor-invisible e-con e-parent\" data-id=\"4a48f47\" data-element_type=\"container\" data-settings=\"{&quot;animation&quot;:&quot;fadeInUp&quot;}\">\n\t\t<div class=\"elementor-element elementor-element-ee85700 e-con-full e-flex e-con e-child\" data-id=\"ee85700\" data-element_type=\"container\" data-settings=\"{&quot;animation&quot;:&quot;none&quot;}\">\n\t\t\t\t<div class=\"elementor-element elementor-element-8ea89e6 elementor-widget elementor-widget-image\" data-id=\"8ea89e6\" data-element_type=\"widget\" data-widget_type=\"image.default\">\n\t\t\t\t<div class=\"elementor-widget-container\">\n\t\t\t\t\t\t\t\t\t\t\t\t\t<img loading=\"lazy\" decoding=\"async\" width=\"640\" height=\"640\" src=\"https:\/\/shop.smart-infra.ro\/wp-content\/uploads\/2025\/05\/upgrade_programm_image_3000px_3-1024x1024.webp\" class=\"attachment-large size-large wp-image-6972\" alt=\"\" srcset=\"https:\/\/shop.smart-infra.ro\/wp-content\/uploads\/2025\/05\/upgrade_programm_image_3000px_3-1024x1024.webp 1024w, https:\/\/shop.smart-infra.ro\/wp-content\/uploads\/2025\/05\/upgrade_programm_image_3000px_3-300x300.webp 300w, https:\/\/shop.smart-infra.ro\/wp-content\/uploads\/2025\/05\/upgrade_programm_image_3000px_3-150x150.webp 150w, https:\/\/shop.smart-infra.ro\/wp-content\/uploads\/2025\/05\/upgrade_programm_image_3000px_3-768x768.webp 768w, https:\/\/shop.smart-infra.ro\/wp-content\/uploads\/2025\/05\/upgrade_programm_image_3000px_3-1536x1536.webp 1536w, https:\/\/shop.smart-infra.ro\/wp-content\/uploads\/2025\/05\/upgrade_programm_image_3000px_3-12x12.webp 12w, https:\/\/shop.smart-infra.ro\/wp-content\/uploads\/2025\/05\/upgrade_programm_image_3000px_3-450x450.webp 450w, https:\/\/shop.smart-infra.ro\/wp-content\/uploads\/2025\/05\/upgrade_programm_image_3000px_3-600x600.webp 600w, https:\/\/shop.smart-infra.ro\/wp-content\/uploads\/2025\/05\/upgrade_programm_image_3000px_3.webp 1920w\" sizes=\"(max-width: 640px) 100vw, 640px\" title=\"\">\t\t\t\t\t\t\t\t\t\t\t\t\t<\/div>\n\t\t\t\t<\/div>\n\t\t\t\t<\/div>\n\t\t<div class=\"elementor-element elementor-element-88916ba e-con-full e-flex e-con e-child\" data-id=\"88916ba\" data-element_type=\"container\">\n\t\t\t\t<div class=\"elementor-element elementor-element-5f8eb52 elementor-widget elementor-widget-heading\" data-id=\"5f8eb52\" data-element_type=\"widget\" data-settings=\"{&quot;_animation&quot;:&quot;none&quot;}\" data-widget_type=\"heading.default\">\n\t\t\t\t<div class=\"elementor-widget-container\">\n\t\t\t<h2 class=\"elementor-heading-title elementor-size-medium\">Design meets performance<\/h2>\t\t<\/div>\n\t\t\t\t<\/div>\n\t\t\t\t<div class=\"elementor-element elementor-element-737f94b elementor-widget elementor-widget-heading\" data-id=\"737f94b\" data-element_type=\"widget\" data-settings=\"{&quot;_animation&quot;:&quot;none&quot;,&quot;_animation_delay&quot;:400}\" data-widget_type=\"heading.default\">\n\t\t\t\t<div class=\"elementor-widget-container\">\n\t\t\t<h2 class=\"elementor-heading-title elementor-size-medium\">The brushless motor allows a compact and elegant design. The striking stainless steel body is true to the iconic Nuki design. Every lock is shipped with a black and a white ring for two dinstictive looks.<\/h2>\t\t<\/div>\n\t\t\t\t<\/div>\n\t\t\t\t<\/div>\n\t\t\t\t<\/div>\n\t\t<div class=\"elementor-element elementor-element-db91a55 e-con-full e-flex elementor-invisible e-con e-parent\" data-id=\"db91a55\" data-element_type=\"container\" data-settings=\"{&quot;animation&quot;:&quot;fadeInUp&quot;}\">\n\t\t<div class=\"elementor-element elementor-element-b575583 e-con-full e-flex e-con e-child\" data-id=\"b575583\" data-element_type=\"container\">\n\t\t\t\t<div class=\"elementor-element elementor-element-15706f8 elementor-widget elementor-widget-heading\" data-id=\"15706f8\" data-element_type=\"widget\" data-settings=\"{&quot;_animation&quot;:&quot;none&quot;}\" data-widget_type=\"heading.default\">\n\t\t\t\t<div class=\"elementor-widget-container\">\n\t\t\t<h2 class=\"elementor-heading-title elementor-size-medium\">Unmatched speed<\/h2>\t\t<\/div>\n\t\t\t\t<\/div>\n\t\t\t\t<div class=\"elementor-element elementor-element-708bcdb elementor-widget elementor-widget-heading\" data-id=\"708bcdb\" data-element_type=\"widget\" data-settings=\"{&quot;_animation&quot;:&quot;none&quot;,&quot;_animation_delay&quot;:400}\" data-widget_type=\"heading.default\">\n\t\t\t\t<div class=\"elementor-widget-container\">\n\t\t\t<h2 class=\"elementor-heading-title elementor-size-medium\">Choose your locking speed. Do you want an extra fast locking action or would you like a locking action with reduced noise level? The Smart Lock Pro adapts to your wishes.<\/h2>\t\t<\/div>\n\t\t\t\t<\/div>\n\t\t\t\t<\/div>\n\t\t<div class=\"elementor-element elementor-element-2f49b04 e-con-full e-flex e-con e-child\" data-id=\"2f49b04\" data-element_type=\"container\" data-settings=\"{&quot;animation&quot;:&quot;none&quot;}\">\n\t\t\t\t<div class=\"elementor-element elementor-element-0137111 elementor-widget elementor-widget-image\" data-id=\"0137111\" data-element_type=\"widget\" data-widget_type=\"image.default\">\n\t\t\t\t<div class=\"elementor-widget-container\">\n\t\t\t\t\t\t\t\t\t\t\t\t\t<img loading=\"lazy\" decoding=\"async\" width=\"640\" height=\"480\" src=\"https:\/\/shop.smart-infra.ro\/wp-content\/uploads\/2025\/05\/unmatched-speed-4_3-1024x768.webp\" class=\"attachment-large size-large wp-image-6968\" alt=\"\" srcset=\"https:\/\/shop.smart-infra.ro\/wp-content\/uploads\/2025\/05\/unmatched-speed-4_3-1024x768.webp 1024w, https:\/\/shop.smart-infra.ro\/wp-content\/uploads\/2025\/05\/unmatched-speed-4_3-300x225.webp 300w, https:\/\/shop.smart-infra.ro\/wp-content\/uploads\/2025\/05\/unmatched-speed-4_3-768x576.webp 768w, https:\/\/shop.smart-infra.ro\/wp-content\/uploads\/2025\/05\/unmatched-speed-4_3-1536x1152.webp 1536w, https:\/\/shop.smart-infra.ro\/wp-content\/uploads\/2025\/05\/unmatched-speed-4_3-16x12.webp 16w, https:\/\/shop.smart-infra.ro\/wp-content\/uploads\/2025\/05\/unmatched-speed-4_3-600x450.webp 600w, https:\/\/shop.smart-infra.ro\/wp-content\/uploads\/2025\/05\/unmatched-speed-4_3-150x113.webp 150w, https:\/\/shop.smart-infra.ro\/wp-content\/uploads\/2025\/05\/unmatched-speed-4_3.webp 1920w\" sizes=\"(max-width: 640px) 100vw, 640px\" title=\"\">\t\t\t\t\t\t\t\t\t\t\t\t\t<\/div>\n\t\t\t\t<\/div>\n\t\t\t\t<\/div>\n\t\t\t\t<\/div>\n\t\t<div class=\"elementor-element elementor-element-0a84c0a e-flex e-con-boxed e-con e-parent\" data-id=\"0a84c0a\" data-element_type=\"container\">\n\t\t\t\t\t<div class=\"e-con-inner\">\n\t\t<div class=\"elementor-element elementor-element-7afe297 e-con-full e-flex e-con e-child\" data-id=\"7afe297\" data-element_type=\"container\">\n\t\t\t\t<div class=\"elementor-element elementor-element-13f1953 elementor-widget elementor-widget-spacer\" data-id=\"13f1953\" data-element_type=\"widget\" data-widget_type=\"spacer.default\">\n\t\t\t\t<div class=\"elementor-widget-container\">\n\t\t\t\t\t<div class=\"elementor-spacer\">\n\t\t\t<div class=\"elementor-spacer-inner\"><\/div>\n\t\t<\/div>\n\t\t\t\t<\/div>\n\t\t\t\t<\/div>\n\t\t\t\t<\/div>\n\t\t\t\t\t<\/div>\n\t\t\t\t<\/div>\n\t\t<div class=\"elementor-element elementor-element-8b3c9f5 e-con-full e-flex e-con e-parent\" data-id=\"8b3c9f5\" data-element_type=\"container\" data-settings=\"{&quot;animation&quot;:&quot;none&quot;}\">\n\t\t<div class=\"elementor-element elementor-element-41f1e1c e-con-full e-flex e-con e-child\" data-id=\"41f1e1c\" data-element_type=\"container\">\n\t\t\t\t<div class=\"elementor-element elementor-element-b94902e elementor-widget elementor-widget-video\" data-id=\"b94902e\" data-element_type=\"widget\" data-settings=\"{&quot;youtube_url&quot;:&quot;https:\\\/\\\/www.youtube.com\\\/watch?v=zXhWthMMTA4&quot;,&quot;lazy_load&quot;:&quot;yes&quot;,&quot;mute&quot;:&quot;yes&quot;,&quot;loop&quot;:&quot;yes&quot;,&quot;video_type&quot;:&quot;youtube&quot;,&quot;controls&quot;:&quot;yes&quot;}\" data-widget_type=\"video.default\">\n\t\t\t\t<div class=\"elementor-widget-container\">\n\t\t\t\t\t<div class=\"elementor-wrapper elementor-open-inline\">\n\t\t\t<div class=\"elementor-video\"><\/div>\t\t<\/div>\n\t\t\t\t<\/div>\n\t\t\t\t<\/div>\n\t\t\t\t<\/div>\n\t\t\t\t<\/div>\n\t\t\t\t<\/div>","protected":false},"excerpt":{"rendered":"<p>Nuki Smart Lock Pro 5th Gen Bluetooth 5.0 Integrated Wi-Fi Matter over Thread Smart Locks<\/p>\n<div class=\"st_read_more_box\">\n<p><strong>Smart Lock Pro<\/strong> este cea mai avansat\u0103 \u00eencuietoare inteligent\u0103 Nuki pe care o po\u021bi ad\u0103uga u\u0219or u\u0219ii tale. Noul <strong>motor f\u0103r\u0103 perii<\/strong> ofer\u0103 <strong>viteze ultrarapide<\/strong> de blocare \u0219i deblocare, astfel \u00eenc\u00e2t totul s\u0103 func\u021bioneze rapid \u0219i f\u0103r\u0103 efort.<\/p>\n<p>Este compatibil\u0103 cu <strong>Matter<\/strong>, permi\u021b\u00e2ndu-\u021bi s\u0103 o integrezi perfect \u00een <strong>toate ecosistemele mari<\/strong> de cas\u0103 inteligent\u0103: <strong>Apple Home<\/strong>, <strong>Google Home<\/strong>, <strong>Amazon Alexa<\/strong> and <strong>Homey<\/strong>.<\/p>\n<p>Te po\u021bi bucura de <strong>p\u00e2n\u0103 la 9 luni de autonomie<\/strong> cu o singur\u0103 \u00eenc\u0103rcare complet\u0103, care dureaz\u0103 doar <strong>aproximativ 2 ore<\/strong>. \u00cencuietoarea vine cu o <strong>carcas\u0103 rezistent\u0103 din o\u021bel inoxidabil<\/strong> \u0219i dou\u0103 <strong>inele de baz\u0103 interschimbabile<\/strong> (alb \u0219i negru), pentru un aspect elegant \u0219i personalizat.<\/p>\n<p>Dezvoltat\u0103 \u00een <strong>Austria<\/strong> \u0219i fabricat\u0103 \u00een <strong>Europa<\/strong>, Smart Lock Pro respect\u0103 cele mai stricte standarde de <strong>confiden\u021bialitate \u0219i securitate a datelor<\/strong>, cu servere localizate exclusiv \u00een UE \u0219i conformitate total\u0103 cu <strong>GDPR<\/strong>. A fost certificat\u0103 ca produs de \u00eencredere de c\u0103tre <strong>AV-TEST<\/strong> \u0219i a c\u00e2\u0219tigat mai multe premii interna\u021bionale de design, precum <strong>Red Dot Award<\/strong>, <strong>iF Design Award<\/strong> and <strong>CES Innovation Award<\/strong>.<\/p>\n<\/div>\n<p>&nbsp;<\/p>","protected":false},"featured_media":6972,"comment_status":"open","ping_status":"closed","template":"","meta":[],"product_brand":[57],"product_cat":[175,121,63],"product_tag":[353,352,350,354,196,197,199,201,191,198,351],"class_list":{"0":"post-6962","1":"product","2":"type-product","3":"status-publish","4":"has-post-thumbnail","6":"product_brand-nuki","7":"product_cat-cilindrii-usa","8":"product_cat-incuietori-inteligente","9":"product_cat-produse-populare","10":"product_tag-5-gen","11":"product_tag-5th-gen","12":"product_tag-bluetooth","13":"product_tag-generatia-5","14":"product_tag-incuietoare","15":"product_tag-inteligenta","16":"product_tag-lock","17":"product_tag-matter","18":"product_tag-nuki","19":"product_tag-smart","20":"product_tag-thread","22":"first","23":"instock","24":"sale","25":"shipping-taxable","26":"purchasable","27":"product-type-simple"},"_links":{"self":[{"href":"https:\/\/shop.smart-infra.ro\/en\/wp-json\/wp\/v2\/product\/6962","targetHints":{"allow":["GET"]}}],"collection":[{"href":"https:\/\/shop.smart-infra.ro\/en\/wp-json\/wp\/v2\/product"}],"about":[{"href":"https:\/\/shop.smart-infra.ro\/en\/wp-json\/wp\/v2\/types\/product"}],"replies":[{"embeddable":true,"href":"https:\/\/shop.smart-infra.ro\/en\/wp-json\/wp\/v2\/comments?post=6962"}],"version-history":[{"count":8,"href":"https:\/\/shop.smart-infra.ro\/en\/wp-json\/wp\/v2\/product\/6962\/revisions"}],"predecessor-version":[{"id":6977,"href":"https:\/\/shop.smart-infra.ro\/en\/wp-json\/wp\/v2\/product\/6962\/revisions\/6977"}],"wp:featuredmedia":[{"embeddable":true,"href":"https:\/\/shop.smart-infra.ro\/en\/wp-json\/wp\/v2\/media\/6972"}],"wp:attachment":[{"href":"https:\/\/shop.smart-infra.ro\/en\/wp-json\/wp\/v2\/media?parent=6962"}],"wp:term":[{"taxonomy":"product_brand","embeddable":true,"href":"https:\/\/shop.smart-infra.ro\/en\/wp-json\/wp\/v2\/product_brand?post=6962"},{"taxonomy":"product_cat","embeddable":true,"href":"https:\/\/shop.smart-infra.ro\/en\/wp-json\/wp\/v2\/product_cat?post=6962"},{"taxonomy":"product_tag","embeddable":true,"href":"https:\/\/shop.smart-infra.ro\/en\/wp-json\/wp\/v2\/product_tag?post=6962"}],"curies":[{"name":"wp","href":"https:\/\/api.w.org\/{rel}","templated":true}]}}